{"id":924,"date":"2024-04-11T10:45:22","date_gmt":"2024-04-11T08:45:22","guid":{"rendered":"https:\/\/tiefbau.uhrig-group.com\/downloads\/"},"modified":"2026-03-09T11:32:33","modified_gmt":"2026-03-09T10:32:33","slug":"downloads","status":"publish","type":"page","link":"https:\/\/tiefbau.uhrig-group.com\/en\/downloads\/","title":{"rendered":"Downloads"},"content":{"rendered":"\t\t<div data-elementor-type=\"wp-page\" data-elementor-id=\"924\" class=\"elementor elementor-924 elementor-912\" data-elementor-settings=\"{&quot;ha_cmc_init_switcher&quot;:&quot;no&quot;}\">\n\t\t\t\t<div class=\"elementor-element elementor-element-4b235d36 e-flex e-con-boxed e-con e-parent\" data-id=\"4b235d36\" data-element_type=\"container\" data-e-type=\"container\" data-settings=\"{&quot;background_background&quot;:&quot;classic&quot;,&quot;_ha_eqh_enable&quot;:false}\">\n\t\t\t\t\t<div class=\"e-con-inner\">\n\t\t<div class=\"elementor-element elementor-element-24f3737e e-con-full e-flex e-con e-child\" data-id=\"24f3737e\" data-element_type=\"container\" data-e-type=\"container\" data-settings=\"{&quot;_ha_eqh_enable&quot;:false}\">\n\t\t\t\t<div class=\"elementor-element elementor-element-6b02d0e3 elementor-widget elementor-widget-text-editor\" data-id=\"6b02d0e3\" data-element_type=\"widget\" data-e-type=\"widget\" data-widget_type=\"text-editor.default\">\n\t\t\t\t<div class=\"elementor-widget-container\">\n\t\t\t\t\t\t\t\t\t<p>UHRIG Tiefbau<\/p>\t\t\t\t\t\t\t\t<\/div>\n\t\t\t\t<\/div>\n\t\t\t\t<div class=\"elementor-element elementor-element-7c20ceb6 elementor-widget elementor-widget-heading\" data-id=\"7c20ceb6\" data-element_type=\"widget\" data-e-type=\"widget\" data-widget_type=\"heading.default\">\n\t\t\t\t<div class=\"elementor-widget-container\">\n\t\t\t\t\t<h1 class=\"elementor-heading-title elementor-size-default\">Downloads<\/h1>\t\t\t\t<\/div>\n\t\t\t\t<\/div>\n\t\t\t\t<div class=\"elementor-element elementor-element-5f88d1e elementor-widget elementor-widget-text-editor\" data-id=\"5f88d1e\" data-element_type=\"widget\" data-e-type=\"widget\" data-widget_type=\"text-editor.default\">\n\t\t\t\t<div class=\"elementor-widget-container\">\n\t\t\t\t\t\t\t\t\t<p>Hier finden Sie unsere Zertifikate und Informationsmaterial zu unserem Tiefbau. Wenn Sie etwas vermissen, z\u00f6gern Sie bitte nicht, uns zu kontaktieren. Rufen Sie uns an oder nutzen Sie unser Kontaktformular.<\/p>\t\t\t\t\t\t\t\t<\/div>\n\t\t\t\t<\/div>\n\t\t\t\t<\/div>\n\t\t<div class=\"elementor-element elementor-element-12d457d e-con-full e-flex e-con e-child\" data-id=\"12d457d\" data-element_type=\"container\" data-e-type=\"container\" data-settings=\"{&quot;_ha_eqh_enable&quot;:false}\">\n\t\t\t\t<div class=\"elementor-element elementor-element-36b97545 elementor-widget elementor-widget-image\" data-id=\"36b97545\" data-element_type=\"widget\" data-e-type=\"widget\" data-widget_type=\"image.default\">\n\t\t\t\t<div class=\"elementor-widget-container\">\n\t\t\t\t\t\t\t\t\t\t\t\t\t\t\t<img fetchpriority=\"high\" decoding=\"async\" width=\"1024\" height=\"768\" src=\"https:\/\/tiefbau.uhrig-group.com\/wp-content\/uploads\/sites\/4\/anlagenbau-gf-kanalmanagement-verteiler-desktop-1024x768.jpg\" class=\"attachment-large size-large wp-image-1000\" alt=\"\" srcset=\"https:\/\/tiefbau.uhrig-group.com\/wp-content\/uploads\/sites\/4\/anlagenbau-gf-kanalmanagement-verteiler-desktop-1024x768.jpg 1024w, https:\/\/tiefbau.uhrig-group.com\/wp-content\/uploads\/sites\/4\/anlagenbau-gf-kanalmanagement-verteiler-desktop-300x225.jpg 300w, https:\/\/tiefbau.uhrig-group.com\/wp-content\/uploads\/sites\/4\/anlagenbau-gf-kanalmanagement-verteiler-desktop-768x576.jpg 768w, https:\/\/tiefbau.uhrig-group.com\/wp-content\/uploads\/sites\/4\/anlagenbau-gf-kanalmanagement-verteiler-desktop.jpg 1064w\" sizes=\"(max-width: 1024px) 100vw, 1024px\" \/>\t\t\t\t\t\t\t\t\t\t\t\t\t\t\t<\/div>\n\t\t\t\t<\/div>\n\t\t\t\t<\/div>\n\t\t\t\t\t<\/div>\n\t\t\t\t<\/div>\n\t\t<div class=\"elementor-element elementor-element-56e6909f e-flex e-con-boxed e-con e-parent\" data-id=\"56e6909f\" data-element_type=\"container\" data-e-type=\"container\" data-settings=\"{&quot;_ha_eqh_enable&quot;:false}\">\n\t\t\t\t\t<div class=\"e-con-inner\">\n\t\t<div class=\"elementor-element elementor-element-1fa05727 e-con-full e-flex e-con e-child\" data-id=\"1fa05727\" data-element_type=\"container\" data-e-type=\"container\" data-settings=\"{&quot;_ha_eqh_enable&quot;:false}\">\n\t\t<div class=\"elementor-element elementor-element-48fc5abf e-con-full e-flex e-con e-child\" data-id=\"48fc5abf\" data-element_type=\"container\" data-e-type=\"container\" data-settings=\"{&quot;_ha_eqh_enable&quot;:false}\">\n\t\t<div class=\"elementor-element elementor-element-178a37f2 e-con-full e-flex e-con e-child\" data-id=\"178a37f2\" data-element_type=\"container\" data-e-type=\"container\" data-settings=\"{&quot;background_background&quot;:&quot;classic&quot;,&quot;_ha_eqh_enable&quot;:false}\">\n\t\t\t\t<div class=\"elementor-element elementor-element-6a45d4c1 elementor-widget elementor-widget-text-editor\" data-id=\"6a45d4c1\" data-element_type=\"widget\" data-e-type=\"widget\" data-widget_type=\"text-editor.default\">\n\t\t\t\t<div class=\"elementor-widget-container\">\n\t\t\t\t\t\t\t\t\t<p style=\"padding-top: 10px;\"><b>Zertifikate<\/b><\/p><p><a href=\"https:\/\/tiefbau.uhrig-group.com\/wp-content\/uploads\/sites\/4\/UHRIG-Tiefbau-ISO-9001_2015.pdf\" target=\"_blank\" rel=\"noopener\">ISO 9001:2015<\/a><\/p><p><a href=\"https:\/\/tiefbau.uhrig-group.com\/wp-content\/uploads\/sites\/4\/UHRIG-Tiefbau-ISO-14001_2015.pdf\" target=\"_blank\" rel=\"noopener\">ISO 14001:2015<\/a><\/p><p><a href=\"https:\/\/tiefbau.uhrig-group.com\/wp-content\/uploads\/sites\/4\/UHRIG-Tiefbau-ISO-45001_2018.pdf\" target=\"_blank\" rel=\"noopener\">ISO 45001:2018<\/a><\/p><p><a href=\"https:\/\/tiefbau.uhrig-group.com\/wp-content\/uploads\/sites\/4\/UHRIG-Tiefbau-OHSAS-180012007.pdf\" target=\"_blank\" rel=\"noopener\">OHSAS 18001:2007<\/a><\/p>\t\t\t\t\t\t\t\t<\/div>\n\t\t\t\t<\/div>\n\t\t\t\t<div class=\"elementor-element elementor-element-9bd3500 elementor-widget elementor-widget-text-editor\" data-id=\"9bd3500\" data-element_type=\"widget\" data-e-type=\"widget\" data-widget_type=\"text-editor.default\">\n\t\t\t\t<div class=\"elementor-widget-container\">\n\t\t\t\t\t\t\t\t\t<p style=\"padding-top: 10px;\"><b>Infomaterial zu Intelligenten Kanalnetzen<br \/><\/b><\/p><p><a href=\"https:\/\/tiefbau.uhrig-group.com\/wp-content\/uploads\/sites\/4\/abwassermanagement-uhrig.pdf\">Abwassermanagement (UHRIG)<\/a><\/p><p><a href=\"https:\/\/tiefbau.uhrig-group.com\/wp-content\/uploads\/sites\/4\/flyer-spuelaggregat-uhrig.pdf\">Flyer Sp\u00fclaggregat (UHRIG)<\/a><\/p><p><a href=\"https:\/\/tiefbau.uhrig-group.com\/wp-content\/uploads\/sites\/4\/grundlagen-schwallspuelung-uhrig.pdf\">Grundlagen der Schwallsp\u00fclung (UHRIG)<\/a><\/p>\t\t\t\t\t\t\t\t<\/div>\n\t\t\t\t<\/div>\n\t\t\t\t<div class=\"elementor-element elementor-element-204ea547 elementor-widget elementor-widget-text-editor\" data-id=\"204ea547\" data-element_type=\"widget\" data-e-type=\"widget\" data-widget_type=\"text-editor.default\">\n\t\t\t\t<div class=\"elementor-widget-container\">\n\t\t\t\t\t\t\t\t\t<p style=\"padding-top: 10px;\"><b>Weitere Dokumente<\/b><\/p><p><a class=\"download-link\" href=\"https:\/\/tiefbau.uhrig-group.com\/wp-content\/uploads\/sites\/4\/Freistellung-TB-2028.pdf\" target=\"_blank\" rel=\"noopener\">Freistellungsbescheinigung zum Steuerabzug bei Bauleistungen<\/a><\/p><p><a class=\"download-link\" href=\"https:\/\/www.uhrig-bau.eu\/wp-content\/uploads\/2023\/08\/ust1tg-nachweis-zur-steuerschuldnerschaft-des-leistungsempfaengers-bei-bauleistungen.pdf\" target=\"_blank\" rel=\"noopener\">USt1TG Nachweis zur Steuerschuldnerschaft des Leistungsempf\u00e4nges bei Bau- und-oder Geb\u00e4udereinigungsleistungen<\/a><\/p><p><a href=\"https:\/\/tiefbau.uhrig-group.com\/wp-content\/uploads\/sites\/4\/UHRIG-Tiefbau-Praequalifikation.pdf\" target=\"_blank\" rel=\"noopener\">Pr\u00e4qualifikation<\/a><\/p><p><a href=\"https:\/\/tiefbau.uhrig-group.com\/wp-content\/uploads\/sites\/4\/UHRIG-Tiefbau-Urkunde-Gueteschutz-Kanalbau.pdf\" target=\"_blank\" rel=\"noopener\">Urkunde G\u00fcteschutz Kanalbau<\/a><\/p>\t\t\t\t\t\t\t\t<\/div>\n\t\t\t\t<\/div>\n\t\t\t\t<\/div>\n\t\t\t\t<\/div>\n\t\t\t\t<\/div>\n\t\t\t\t\t<\/div>\n\t\t\t\t<\/div>\n\t\t<div class=\"elementor-element elementor-element-72ab449a e-flex e-con-boxed e-con e-parent\" data-id=\"72ab449a\" data-element_type=\"container\" data-e-type=\"container\" data-settings=\"{&quot;background_background&quot;:&quot;classic&quot;,&quot;_ha_eqh_enable&quot;:false}\">\n\t\t\t\t\t<div class=\"e-con-inner\">\n\t\t<div class=\"elementor-element elementor-element-1c25d4a1 e-con-full e-flex e-con e-child\" data-id=\"1c25d4a1\" data-element_type=\"container\" data-e-type=\"container\" data-settings=\"{&quot;_ha_eqh_enable&quot;:false}\">\n\t\t<div class=\"elementor-element elementor-element-1c62f578 e-con-full e-flex e-con e-child\" data-id=\"1c62f578\" data-element_type=\"container\" data-e-type=\"container\" data-settings=\"{&quot;_ha_eqh_enable&quot;:false}\">\n\t\t<div class=\"elementor-element elementor-element-13cf9b7c e-con-full e-flex e-con e-child\" data-id=\"13cf9b7c\" data-element_type=\"container\" data-e-type=\"container\" data-settings=\"{&quot;_ha_eqh_enable&quot;:false}\">\n\t\t\t\t<div class=\"elementor-element elementor-element-287f833c elementor-widget elementor-widget-image\" data-id=\"287f833c\" data-element_type=\"widget\" data-e-type=\"widget\" data-widget_type=\"image.default\">\n\t\t\t\t<div class=\"elementor-widget-container\">\n\t\t\t\t\t\t\t\t\t\t\t\t\t\t\t<img decoding=\"async\" width=\"1280\" height=\"1024\" src=\"https:\/\/tiefbau.uhrig-group.com\/wp-content\/uploads\/sites\/4\/fragen-und-antworten.jpg\" class=\"attachment-full size-full wp-image-917\" alt=\"\" srcset=\"https:\/\/tiefbau.uhrig-group.com\/wp-content\/uploads\/sites\/4\/fragen-und-antworten.jpg 1280w, https:\/\/tiefbau.uhrig-group.com\/wp-content\/uploads\/sites\/4\/fragen-und-antworten-300x240.jpg 300w, https:\/\/tiefbau.uhrig-group.com\/wp-content\/uploads\/sites\/4\/fragen-und-antworten-1024x819.jpg 1024w, https:\/\/tiefbau.uhrig-group.com\/wp-content\/uploads\/sites\/4\/fragen-und-antworten-768x614.jpg 768w\" sizes=\"(max-width: 1280px) 100vw, 1280px\" \/>\t\t\t\t\t\t\t\t\t\t\t\t\t\t\t<\/div>\n\t\t\t\t<\/div>\n\t\t\t\t<\/div>\n\t\t<div class=\"elementor-element elementor-element-1e618b0f e-con-full e-flex e-con e-child\" data-id=\"1e618b0f\" data-element_type=\"container\" data-e-type=\"container\" data-settings=\"{&quot;_ha_eqh_enable&quot;:false}\">\n\t\t\t\t<div class=\"elementor-element elementor-element-aaf512d elementor-widget elementor-widget-heading\" data-id=\"aaf512d\" data-element_type=\"widget\" data-e-type=\"widget\" data-widget_type=\"heading.default\">\n\t\t\t\t<div class=\"elementor-widget-container\">\n\t\t\t\t\t<h2 class=\"elementor-heading-title elementor-size-default\">H\u00e4ufig gestellte Fragen<\/h2>\t\t\t\t<\/div>\n\t\t\t\t<\/div>\n\t\t\t\t<div class=\"elementor-element elementor-element-6a5d3d6b elementor-widget elementor-widget-text-editor\" data-id=\"6a5d3d6b\" data-element_type=\"widget\" data-e-type=\"widget\" data-widget_type=\"text-editor.default\">\n\t\t\t\t<div class=\"elementor-widget-container\">\n\t\t\t\t\t\t\t\t\t<p>Wir haben die wichtigsten Fragen und Antworten f\u00fcr Sie gesammelt, um einen schnellen \u00dcberblick \u00fcber die wichtigsten Themen zu erm\u00f6glichen. Sprechen Sie uns gerne an, wenn Sie weitere Fragen an uns haben.<\/p>\t\t\t\t\t\t\t\t<\/div>\n\t\t\t\t<\/div>\n\t\t\t\t<div class=\"elementor-element elementor-element-5fcb3043 elementor-widget elementor-widget-button\" data-id=\"5fcb3043\" data-element_type=\"widget\" data-e-type=\"widget\" data-widget_type=\"button.default\">\n\t\t\t\t<div class=\"elementor-widget-container\">\n\t\t\t\t\t\t\t\t\t<div class=\"elementor-button-wrapper\">\n\t\t\t\t\t<a class=\"elementor-button elementor-button-link elementor-size-sm\" href=\"https:\/\/energie.uhrig-group.com\/faq\/\">\n\t\t\t\t\t\t<span class=\"elementor-button-content-wrapper\">\n\t\t\t\t\t\t\t\t\t<span class=\"elementor-button-text\">FAQ<\/span>\n\t\t\t\t\t<\/span>\n\t\t\t\t\t<\/a>\n\t\t\t\t<\/div>\n\t\t\t\t\t\t\t\t<\/div>\n\t\t\t\t<\/div>\n\t\t\t\t<\/div>\n\t\t\t\t<\/div>\n\t\t\t\t<\/div>\n\t\t\t\t\t<\/div>\n\t\t\t\t<\/div>\n\t\t\t\t<\/div>\n\t\t","protected":false},"excerpt":{"rendered":"<p>UHRIG Tiefbau Downloads Hier finden Sie unsere Zertifikate und Informationsmaterial zu unserem Tiefbau. Wenn Sie etwas vermissen, z\u00f6gern Sie bitte nicht, uns zu kontaktieren. Rufen Sie uns an oder nutzen [&#8230;]<\/p>\n","protected":false},"author":1,"featured_media":0,"parent":0,"menu_order":0,"comment_status":"closed","ping_status":"closed","template":"","meta":{"site-sidebar-layout":"no-sidebar","site-content-layout":"page-builder","ast-site-content-layout":"full-width-container","site-content-style":"default","site-sidebar-style":"default","ast-global-header-display":"","ast-banner-title-visibility":"","ast-main-header-display":"","ast-hfb-above-header-display":"","ast-hfb-below-header-display":"","ast-hfb-mobile-header-display":"","site-post-title":"disabled","ast-breadcrumbs-content":"","ast-featured-img":"disabled","footer-sml-layout":"","ast-disable-related-posts":"","theme-transparent-header-meta":"","adv-header-id-meta":"","stick-header-meta":"","header-above-stick-meta":"","header-main-stick-meta":"","header-below-stick-meta":"","astra-migrate-meta-layouts":"set","ast-page-background-enabled":"default","ast-page-background-meta":{"desktop":{"background-color":"var(--ast-global-color-4)","background-image":"","background-repeat":"repeat","background-position":"center center","background-size":"auto","background-attachment":"scroll","background-type":"","background-media":"","overlay-type":"","overlay-color":"","overlay-opacity":"","overlay-gradient":""},"tablet":{"background-color":"","background-image":"","background-repeat":"repeat","background-position":"center center","background-size":"auto","background-attachment":"scroll","background-type":"","background-media":"","overlay-type":"","overlay-color":"","overlay-opacity":"","overlay-gradient":""},"mobile":{"background-color":"","background-image":"","background-repeat":"repeat","background-position":"center center","background-size":"auto","background-attachment":"scroll","background-type":"","background-media":"","overlay-type":"","overlay-color":"","overlay-opacity":"","overlay-gradient":""}},"ast-content-background-meta":{"desktop":{"background-color":"var(--ast-global-color-5)","background-image":"","background-repeat":"repeat","background-position":"center center","background-size":"auto","background-attachment":"scroll","background-type":"","background-media":"","overlay-type":"","overlay-color":"","overlay-opacity":"","overlay-gradient":""},"tablet":{"background-color":"var(--ast-global-color-5)","background-image":"","background-repeat":"repeat","background-position":"center center","background-size":"auto","background-attachment":"scroll","background-type":"","background-media":"","overlay-type":"","overlay-color":"","overlay-opacity":"","overlay-gradient":""},"mobile":{"background-color":"var(--ast-global-color-5)","background-image":"","background-repeat":"repeat","background-position":"center center","background-size":"auto","background-attachment":"scroll","background-type":"","background-media":"","overlay-type":"","overlay-color":"","overlay-opacity":"","overlay-gradient":""}},"footnotes":""},"class_list":["post-924","page","type-page","status-publish","hentry"],"_links":{"self":[{"href":"https:\/\/tiefbau.uhrig-group.com\/en\/wp-json\/wp\/v2\/pages\/924","targetHints":{"allow":["GET"]}}],"collection":[{"href":"https:\/\/tiefbau.uhrig-group.com\/en\/wp-json\/wp\/v2\/pages"}],"about":[{"href":"https:\/\/tiefbau.uhrig-group.com\/en\/wp-json\/wp\/v2\/types\/page"}],"author":[{"embeddable":true,"href":"https:\/\/tiefbau.uhrig-group.com\/en\/wp-json\/wp\/v2\/users\/1"}],"replies":[{"embeddable":true,"href":"https:\/\/tiefbau.uhrig-group.com\/en\/wp-json\/wp\/v2\/comments?post=924"}],"version-history":[{"count":60,"href":"https:\/\/tiefbau.uhrig-group.com\/en\/wp-json\/wp\/v2\/pages\/924\/revisions"}],"predecessor-version":[{"id":1864,"href":"https:\/\/tiefbau.uhrig-group.com\/en\/wp-json\/wp\/v2\/pages\/924\/revisions\/1864"}],"wp:attachment":[{"href":"https:\/\/tiefbau.uhrig-group.com\/en\/wp-json\/wp\/v2\/media?parent=924"}],"curies":[{"name":"wp","href":"https:\/\/api.w.org\/{rel}","templated":true}]}}